{"id":3284,"date":"2023-10-17T08:22:01","date_gmt":"2023-10-17T08:22:01","guid":{"rendered":"https:\/\/gold.creditcard\/?page_id=3284"},"modified":"2023-10-17T08:23:27","modified_gmt":"2023-10-17T08:23:27","slug":"terms-conditions","status":"publish","type":"page","link":"https:\/\/gold.creditcard\/es\/terms-conditions\/","title":{"rendered":"Terms &#038; conditions"},"content":{"rendered":"<div data-elementor-type=\"wp-page\" data-elementor-id=\"3284\" class=\"elementor elementor-3284\" data-elementor-post-type=\"page\">\n\t\t\t\t\t\t<section class=\"elementor-section elementor-top-section elementor-element elementor-element-1a4111c elementor-section-boxed elementor-section-height-default elementor-section-height-default\" data-id=\"1a4111c\" data-element_type=\"section\">\n\t\t\t\t\t\t<div class=\"elementor-container elementor-column-gap-default\">\n\t\t\t\t\t<div class=\"elementor-column elementor-col-100 elementor-top-column elementor-element elementor-element-47b4161\" data-id=\"47b4161\" data-element_type=\"column\">\n\t\t\t<div class=\"elementor-widget-wrap elementor-element-populated\">\n\t\t\t\t\t\t<div class=\"elementor-element elementor-element-36b24e0 elementor-widget elementor-widget-html\" data-id=\"36b24e0\" data-element_type=\"widget\" data-widget_type=\"html.default\">\n\t\t\t\t<div class=\"elementor-widget-container\">\n\t\t\t<h2><strong>T\u00e9rminos y condiciones<\/strong><\/h2>\r\n\r\n<p>\u00a1Bienvenido a gold.creditcard!<\/p>\r\n\r\n<p>Estos t\u00e9rminos y condiciones describen las reglas y regulaciones para el uso del sitio web de Goldcard, ubicado en https:\/\/gold.creditcard.<\/p>\r\n\r\n<p>Al acceder a este sitio web, asumimos que acepta estos t\u00e9rminos y condiciones. No contin\u00fae utilizando gold.creditcard si no acepta todos los t\u00e9rminos y condiciones establecidos en esta p\u00e1gina.<\/p>\r\n\r\n<p>La siguiente terminolog\u00eda se aplica a estos T\u00e9rminos y Condiciones, Declaraci\u00f3n de Privacidad y Aviso de Exenci\u00f3n de Responsabilidad y todos los Acuerdos: \"Cliente\", \"Usted\" y \"Su\" se refieren a usted, la persona que inicia sesi\u00f3n en este sitio web y cumple con los t\u00e9rminos y condiciones de la Compa\u00f1\u00eda. \"La Compa\u00f1\u00eda\", \"Nosotros\", \"Nosotros\", \"Nuestro\" y \"Nos\", se refieren a nuestra Compa\u00f1\u00eda. \"Parte\", \"Partes\" o \"Nosotros\", se refieren tanto al Cliente como a nosotros mismos. Todos los t\u00e9rminos se refieren a la oferta, aceptaci\u00f3n y consideraci\u00f3n del pago necesario para llevar a cabo el proceso de nuestra asistencia al Cliente de la manera m\u00e1s adecuada para el prop\u00f3sito expreso de satisfacer las necesidades del Cliente con respecto a la prestaci\u00f3n de los servicios establecidos por la Compa\u00f1\u00eda, de acuerdo con y sujeto a la ley vigente de nosotros. Cualquier uso de la terminolog\u00eda anterior u otras palabras en singular, plural, may\u00fasculas y\/o \u00e9l\/ella o ellos, se toman como intercambiables y, por lo tanto, se refieren a lo mismo.<\/p>\r\n\r\n<h3><strong>Galletas<\/strong><\/h3>\r\n\r\n<p>Utilizamos cookies. Al acceder a gold.creditcard, usted acepta el uso de cookies de acuerdo con la Pol\u00edtica de privacidad de Goldcard. <\/p>\r\n\r\n<p>La mayor\u00eda de los sitios web interactivos utilizan cookies para permitirnos recuperar los datos del usuario en cada visita. Nuestro sitio web utiliza cookies para habilitar la funcionalidad de ciertas \u00e1reas y facilitar la visita a nuestro sitio web. Algunos de nuestros socios afiliados o publicitarios tambi\u00e9n pueden utilizar cookies.<\/p>\r\n\r\n<h3><strong>Licencia<\/strong><\/h3>\r\n\r\n<p>A menos que se indique lo contrario, Goldcard y\/o sus licenciantes poseen los derechos de propiedad intelectual de todo el material de gold.creditcard. Todos los derechos de propiedad intelectual est\u00e1n reservados. Puede acceder a este material desde gold.creditcard para su uso personal sujeto a las restricciones establecidas en estos t\u00e9rminos y condiciones.<\/p>\r\n\r\n<p>No debes:<\/p>\r\n<ul>\r\n    <li>Republicar material de gold.creditcard<\/li>\r\n    <li>Vender, alquilar o sublicenciar material de gold.creditcard<\/li>\r\n    <li>Reproducir, duplicar o copiar material de gold.creditcard<\/li>\r\n    <li>Redistribuir contenido de gold.creditcard<\/li>\r\n<\/ul>\r\n\r\n<p>Este Acuerdo comenzar\u00e1 a regir a partir de la fecha del presente. Nuestros T\u00e9rminos y Condiciones fueron creados con la ayuda de <a href=\"https:\/\/www.termsandconditionsgenerator.com\/\">Free Terms and Conditions Generator<\/a>.<\/p>\r\n\r\n<p>Algunas partes de este sitio web ofrecen a los usuarios la oportunidad de publicar e intercambiar opiniones e informaci\u00f3n en determinadas \u00e1reas del sitio web. Goldcard no filtra, edita, publica ni revisa los comentarios antes de su aparici\u00f3n en el sitio web. Los comentarios no reflejan las opiniones y puntos de vista de Goldcard, sus agentes y\/o afiliados. Los comentarios reflejan las opiniones y puntos de vista de la persona que publica sus puntos de vista y opiniones. En la medida en que lo permitan las leyes aplicables, Goldcard no ser\u00e1 responsable de los comentarios ni de ninguna responsabilidad, da\u00f1o o gasto causado y\/o sufrido como resultado de cualquier uso y\/o publicaci\u00f3n y\/o aparici\u00f3n de los comentarios en este sitio web.<\/p>\r\n\r\n<p>Goldcard se reserva el derecho de monitorear todos los Comentarios y eliminar cualquier Comentario que pueda considerarse inapropiado, ofensivo o que infrinja estos T\u00e9rminos y Condiciones.<\/p>\r\n\r\n<p>Usted garantiza y declara que:<\/p>\r\n\r\n<ul>\r\n    <li>Tiene derecho a publicar los comentarios en nuestro sitio web y tiene todas las licencias y consentimientos necesarios para hacerlo;<\/li>\r\n    <li>Los Comentarios no invaden ning\u00fan derecho de propiedad intelectual, incluidos, entre otros, derechos de autor, patentes o marcas comerciales de terceros;<\/li>\r\n    <li>Los comentarios no contienen ning\u00fan material difamatorio, calumnioso, ofensivo, indecente o ilegal que constituya una invasi\u00f3n de la privacidad.<\/li>\r\n    <li>Los comentarios no se utilizar\u00e1n para solicitar o promover negocios o costumbres ni presentar actividades comerciales o actividades ilegales.<\/li>\r\n<\/ul>\r\n\r\n<p>Por la presente, usted otorga a Goldcard una licencia no exclusiva para usar, reproducir, editar y autorizar a otros a usar, reproducir y editar cualquiera de sus Comentarios en todas y cada una de las formas, formatos o medios.<\/p>\r\n\r\n<h3><strong>Hiperv\u00ednculos a nuestro contenido<\/strong><\/h3>\r\n\r\n<p>Las siguientes organizaciones pueden vincularse a nuestro sitio web sin aprobaci\u00f3n previa por escrito:<\/p>\r\n\r\n<ul>\r\n    <li>Agencias gubernamentales;<\/li>\r\n    <li>Motores de b\u00fasqueda;<\/li>\r\n    <li>Organizaciones de noticias;<\/li>\r\n    <li>Los distribuidores de directorios en l\u00ednea pueden vincularse a nuestro sitio web de la misma manera que hacen hiperv\u00ednculos a los sitios web de otras empresas listadas; y<\/li>\r\n    <li>Empresas acreditadas en todo el sistema, excepto organizaciones sin fines de lucro, centros comerciales de beneficencia y grupos de recaudaci\u00f3n de fondos de beneficencia, que no pueden realizar hiperv\u00ednculos a nuestro sitio web.<\/li>\r\n<\/ul>\r\n\r\n<p>Estas organizaciones pueden vincularse a nuestra p\u00e1gina de inicio, a publicaciones o a otra informaci\u00f3n del sitio web siempre que el enlace: (a) no sea enga\u00f1oso de ninguna manera; (b) no implique falsamente patrocinio, respaldo o aprobaci\u00f3n de la parte vinculante y sus productos y\/o servicios; y (c) se ajuste al contexto del sitio de la parte vinculante.<\/p>\r\n\r\n<p>Podremos considerar y aprobar otras solicitudes de enlaces de los siguientes tipos de organizaciones:<\/p>\r\n\r\n<ul>\r\n    <li>fuentes de informaci\u00f3n de consumidores y\/o empresas com\u00fanmente conocidas;<\/li>\r\n    <li>sitios comunitarios dot.com;<\/li>\r\n    <li>asociaciones u otros grupos que representan organizaciones ben\u00e9ficas;<\/li>\r\n    <li>distribuidores de directorios en l\u00ednea;<\/li>\r\n    <li>portales de internet;<\/li>\r\n    <li>despachos de contabilidad, abogados y consultores; y<\/li>\r\n    <li>Instituciones educativas y asociaciones comerciales.<\/li>\r\n<\/ul>\r\n\r\n<p>Aprobamos solicitudes de enlaces de estas organizaciones si decidimos que: (a) el enlace no nos har\u00eda ver desfavorablemente a nosotros mismos ni a nuestras empresas acreditadas; (b) la organizaci\u00f3n no tiene ning\u00fan registro negativo con nosotros; (c) el beneficio para nosotros de la visibilidad del hiperv\u00ednculo compensa la ausencia de Goldcard; y (d) el enlace est\u00e1 en el contexto de informaci\u00f3n general del recurso.<\/p>\r\n\r\n<p>Estas organizaciones pueden vincularse a nuestra p\u00e1gina de inicio siempre que el enlace: (a) no sea enga\u00f1oso de ninguna manera; (b) no implique falsamente patrocinio, respaldo o aprobaci\u00f3n de la parte vinculante y sus productos o servicios; y (c) se ajuste al contexto del sitio de la parte vinculante.<\/p>\r\n\r\n<p>Si usted es una de las organizaciones enumeradas en el p\u00e1rrafo 2 anterior y est\u00e1 interesado en vincularse a nuestro sitio web, debe informarnos enviando un correo electr\u00f3nico a Goldcard. Incluya su nombre, el nombre de su organizaci\u00f3n, informaci\u00f3n de contacto, as\u00ed como la URL de su sitio, una lista de las URL desde las que desea vincularse a nuestro sitio web y una lista de las URL de nuestro sitio a las que le gustar\u00eda vincularse. Espere de 2 a 3 semanas para recibir una respuesta.<\/p>\r\n\r\n<p>Las organizaciones aprobadas pueden realizar hiperv\u00ednculos a nuestro sitio web de la siguiente manera:<\/p>\r\n\r\n<ul>\r\n    <li>Mediante el uso de nuestro nombre corporativo; o<\/li>\r\n    <li>Mediante el uso del localizador uniforme de recursos al que se vincula; o<\/li>\r\n    <li>Mediante el uso de cualquier otra descripci\u00f3n de nuestro sitio web vinculado que tenga sentido dentro del contexto y formato del contenido del sitio de la parte vinculante.<\/li>\r\n<\/ul>\r\n\r\n<p>No se permitir\u00e1 el uso del logotipo de Goldcard ni de ning\u00fan otro material gr\u00e1fico para establecer enlaces sin un acuerdo de licencia de marca registrada.<\/p>\r\n\r\n<h3><strong>iFrames<\/strong><\/h3>\r\n\r\n<p>Sin aprobaci\u00f3n previa y permiso por escrito, no puede crear marcos alrededor de nuestras p\u00e1ginas web que alteren de alguna manera la presentaci\u00f3n visual o la apariencia de nuestro sitio web.<\/p>\r\n\r\n<h3><strong>Responsabilidad del contenido<\/strong><\/h3>\r\n\r\n<p>No seremos responsables del contenido que aparezca en su sitio web. Usted acepta protegernos y defendernos contra todas las reclamaciones que surjan en su sitio web. No debe aparecer ning\u00fan enlace en ning\u00fan sitio web que pueda interpretarse como difamatorio, obsceno o delictivo, o que infrinja, viole o promueva la infracci\u00f3n u otra violaci\u00f3n de los derechos de terceros.<\/p>\r\n\r\n<h3><strong>Reserva de derechos<\/strong><\/h3>\r\n\r\n<p>Nos reservamos el derecho de solicitarle que elimine todos los enlaces o cualquier enlace en particular a nuestro sitio web. Usted acepta eliminar de inmediato todos los enlaces a nuestro sitio web si se lo solicitamos. Tambi\u00e9n nos reservamos el derecho de modificar estos t\u00e9rminos y condiciones y su pol\u00edtica de enlaces en cualquier momento. Al vincularse continuamente a nuestro sitio web, usted acepta estar sujeto a estos t\u00e9rminos y condiciones de enlaces y cumplirlos.<\/p>\r\n\r\n<h3><strong>Eliminaci\u00f3n de enlaces de nuestro sitio web<\/strong><\/h3>\r\n\r\n<p>Si encuentra alg\u00fan enlace en nuestro sitio web que sea ofensivo por cualquier motivo, puede comunicarse con nosotros e informarnos en cualquier momento. Consideraremos las solicitudes para eliminar enlaces, pero no estamos obligados a hacerlo ni a responderle directamente.<\/p>\r\n\r\n<p>No garantizamos que la informaci\u00f3n de este sitio web sea correcta, no garantizamos su integridad o exactitud; tampoco prometemos garantizar que el sitio web permanezca disponible o que el material del sitio web se mantenga actualizado.<\/p>\r\n\r\n<h3><strong>Descargo de responsabilidad<\/strong><\/h3>\r\n\r\n<p>En la medida m\u00e1xima permitida por la ley aplicable, excluimos todas las declaraciones, garant\u00edas y condiciones relacionadas con nuestro sitio web y el uso de este sitio web. Nada de lo contenido en esta exenci\u00f3n de responsabilidad:<\/p>\r\n\r\n<ul>\r\n    <li>limitar o excluir nuestra o su responsabilidad por muerte o lesiones personales;<\/li>\r\n    <li>limitar o excluir nuestra o su responsabilidad por fraude o tergiversaci\u00f3n fraudulenta;<\/li>\r\n    <li>limitar cualquiera de nuestras responsabilidades o las suyas de cualquier manera que no est\u00e9 permitida por la ley aplicable; o<\/li>\r\n    <li>excluir cualquiera de nuestras responsabilidades o las suyas que no puedan excluirse seg\u00fan la legislaci\u00f3n aplicable.<\/li>\r\n<\/ul>\r\n\r\n<p>Las limitaciones y prohibiciones de responsabilidad establecidas en esta Secci\u00f3n y en otras partes de esta exenci\u00f3n de responsabilidad: (a) est\u00e1n sujetas al p\u00e1rrafo anterior; y (b) rigen todas las responsabilidades que surjan de la exenci\u00f3n de responsabilidad, incluidas las responsabilidades que surjan por contrato, agravio y por incumplimiento de la obligaci\u00f3n legal.<\/p>\r\n\r\n<p>Siempre que el sitio web y la informaci\u00f3n y los servicios en el sitio web se proporcionen de forma gratuita, no seremos responsables de ninguna p\u00e9rdida o da\u00f1o de ning\u00fan tipo.<\/p>\t\t<\/div>\n\t\t\t\t<\/div>\n\t\t\t\t\t<\/div>\n\t\t<\/div>\n\t\t\t\t\t<\/div>\n\t\t<\/section>\n\t\t\t\t<\/div>","protected":false},"excerpt":{"rendered":"<p>Terms and Conditions Welcome to gold.creditcard! These terms and conditions outline the rules and regulations for the use of Goldcard&#8217;s Website, located at https:\/\/gold.creditcard. By accessing this website we assume you accept these terms and conditions. Do not continue to use gold.creditcard if you do not agree to take all of the terms and conditions [&hellip;]<\/p>","protected":false},"author":5,"featured_media":0,"parent":0,"menu_order":0,"comment_status":"closed","ping_status":"closed","template":"","meta":{"_eb_attr":"","site-sidebar-layout":"no-sidebar","site-content-layout":"","ast-site-content-layout":"full-width-container","site-content-style":"default","site-sidebar-style":"default","ast-global-header-display":"","ast-banner-title-visibility":"","ast-main-header-display":"","ast-hfb-above-header-display":"","ast-hfb-below-header-display":"","ast-hfb-mobile-header-display":"","site-post-title":"disabled","ast-breadcrumbs-content":"","ast-featured-img":"disabled","footer-sml-layout":"","theme-transparent-header-meta":"","adv-header-id-meta":"","stick-header-meta":"","header-above-stick-meta":"","header-main-stick-meta":"","header-below-stick-meta":"","astra-migrate-meta-layouts":"default","ast-page-background-enabled":"default","ast-page-background-meta":{"desktop":{"background-color":"var(--ast-global-color-4)","background-image":"","background-repeat":"repeat","background-position":"center center","background-size":"auto","background-attachment":"scroll","background-type":"","background-media":"","overlay-type":"","overlay-color":"","overlay-opacity":"","overlay-gradient":""},"tablet":{"background-color":"","background-image":"","background-repeat":"repeat","background-position":"center center","background-size":"auto","background-attachment":"scroll","background-type":"","background-media":"","overlay-type":"","overlay-color":"","overlay-opacity":"","overlay-gradient":""},"mobile":{"background-color":"","background-image":"","background-repeat":"repeat","background-position":"center center","background-size":"auto","background-attachment":"scroll","background-type":"","background-media":"","overlay-type":"","overlay-color":"","overlay-opacity":"","overlay-gradient":""}},"ast-content-background-meta":{"desktop":{"background-color":"var(--ast-global-color-5)","background-image":"","background-repeat":"repeat","background-position":"center center","background-size":"auto","background-attachment":"scroll","background-type":"","background-media":"","overlay-type":"","overlay-color":"","overlay-opacity":"","overlay-gradient":""},"tablet":{"background-color":"var(--ast-global-color-5)","background-image":"","background-repeat":"repeat","background-position":"center center","background-size":"auto","background-attachment":"scroll","background-type":"","background-media":"","overlay-type":"","overlay-color":"","overlay-opacity":"","overlay-gradient":""},"mobile":{"background-color":"var(--ast-global-color-5)","background-image":"","background-repeat":"repeat","background-position":"center center","background-size":"auto","background-attachment":"scroll","background-type":"","background-media":"","overlay-type":"","overlay-color":"","overlay-opacity":"","overlay-gradient":""}},"footnotes":""},"class_list":["post-3284","page","type-page","status-publish","hentry"],"_links":{"self":[{"href":"https:\/\/gold.creditcard\/es\/wp-json\/wp\/v2\/pages\/3284","targetHints":{"allow":["GET"]}}],"collection":[{"href":"https:\/\/gold.creditcard\/es\/wp-json\/wp\/v2\/pages"}],"about":[{"href":"https:\/\/gold.creditcard\/es\/wp-json\/wp\/v2\/types\/page"}],"author":[{"embeddable":true,"href":"https:\/\/gold.creditcard\/es\/wp-json\/wp\/v2\/users\/5"}],"replies":[{"embeddable":true,"href":"https:\/\/gold.creditcard\/es\/wp-json\/wp\/v2\/comments?post=3284"}],"version-history":[{"count":4,"href":"https:\/\/gold.creditcard\/es\/wp-json\/wp\/v2\/pages\/3284\/revisions"}],"predecessor-version":[{"id":3288,"href":"https:\/\/gold.creditcard\/es\/wp-json\/wp\/v2\/pages\/3284\/revisions\/3288"}],"wp:attachment":[{"href":"https:\/\/gold.creditcard\/es\/wp-json\/wp\/v2\/media?parent=3284"}],"curies":[{"name":"wp","href":"https:\/\/api.w.org\/{rel}","templated":true}]}}